  {"id":43446,"date":"2023-09-26T16:21:44","date_gmt":"2023-09-26T20:21:44","guid":{"rendered":"https:\/\/www.cca-acc.com\/?page_id=43446"},"modified":"2024-04-15T09:39:10","modified_gmt":"2024-04-15T13:39:10","slug":"programme-de-formation-sur-les-faibles-emissions-de-carbone-pour-les-professionnels-de-la-construction","status":"publish","type":"page","link":"https:\/\/www.cca-acc.com\/fr\/programme-de-formation-sur-les-faibles-emissions-de-carbone-pour-les-professionnels-de-la-construction\/","title":{"rendered":"Programme de formation sur la r\u00e9duction des \u00e9missions de carbone pour les professionnels de la construction"},"content":{"rendered":"\n<figure class=\"wp-block-image size-full\"><img loading=\"lazy\" decoding=\"async\" width=\"624\" height=\"94\" src=\"https:\/\/www.cca-acc.com\/wp-content\/uploads\/2023\/10\/16332-Lowcarbon-CCA-RGB-horizontal-FR.png\" alt=\"\" class=\"wp-image-43770\" style=\"object-fit:cover\" srcset=\"https:\/\/www.cca-acc.com\/wp-content\/uploads\/2023\/10\/16332-Lowcarbon-CCA-RGB-horizontal-FR.png 624w, https:\/\/www.cca-acc.com\/wp-content\/uploads\/2023\/10\/16332-Lowcarbon-CCA-RGB-horizontal-FR-600x90.png 600w, https:\/\/www.cca-acc.com\/wp-content\/uploads\/2023\/10\/16332-Lowcarbon-CCA-RGB-horizontal-FR-300x45.png 300w\" sizes=\"auto, (max-width: 624px) 100vw, 624px\" \/><\/figure>\n\n\n\n<div class=\"wp-block-buttons is-layout-flex wp-block-buttons-is-layout-flex\"><\/div>\n\n\n\n<p>Pour prot\u00e9ger notre environnement et r\u00e9duire les effets du changement climatique, le gouvernement du Canada s\u2019est engag\u00e9 \u00e0 r\u00e9duire les \u00e9missions totales de GES du Canada de 40 \u00e0 45&nbsp;% par rapport aux niveaux de 2005 d\u2019ici 2030, et \u00e0 atteindre le niveau z\u00e9ro d\u2019ici 2050.*<\/p>\n\n\n\n<p>Le secteur du b\u00e2timent \u00e9tant la troisi\u00e8me source d\u2019\u00e9missions au Canada, il est essentiel de donner la priorit\u00e9 \u00e0 la d\u00e9carbonisation pour atteindre l\u2019objectif \u00ab&nbsp;z\u00e9ro \u00e9mission nette&nbsp;\u00bb*. La lutte contre le changement climatique passe par la sensibilisation, la collaboration, le partage des connaissances et le d\u00e9veloppement des comp\u00e9tences.<\/p>\n\n\n\n<p>Financ\u00e9 en partie par le Programme de solutions pour la main-d\u2019\u0153uvre sectorielle du gouvernement du Canada, le Conseil du b\u00e2timent durable du Canada (CBDCA), en partenariat avec l\u2019Association canadienne de la construction (ACC), a mis au point le programme de formation Renforcer les comp\u00e9tences en mati\u00e8re de changement climatique: Formation sur la r\u00e9duction des \u00e9missions de carbone. Ce programme vise \u00e0 renforcer les comp\u00e9tences des professionnels du b\u00e2timent, notamment les architectes, les ing\u00e9nieurs, les entrepreneurs, les propri\u00e9taires et les exploitants, afin d\u2019acc\u00e9l\u00e9rer l\u2019adoption de pratiques \u00e0 faible \u00e9mission de carbone, de r\u00e9duire les \u00e9missions et de contribuer au plan d\u2019action climatique et \u00e0 la transition juste du Canada. Pour plus d\u2019information, consultez le <a rel=\"noreferrer noopener\" href=\"https:\/\/www.cagbc.org\/fr\/news-resources\/cagbc-news\/le-cbdca-recoit-78-m-pour-une-formation-sur-la-sobriete-carbone\/\" target=\"_blank\">communiqu\u00e9 de presse<\/a>.<\/p>\n\n\n\n<p>Cette formation gratuite, livr\u00e9 de d\u00e9cembre 2023 \u00e0 mars 2024, permettra aux professionnels de la construction d\u2019acqu\u00e9rir les bases de la r\u00e9novation ou de la construction de b\u00e2timents \u00e0 sobri\u00e9t\u00e9 carbone, une \u00e9tape essentielle pour faire progresser la contribution de notre industrie \u00e0 l\u2019\u00e9cologisation de notre pays.<\/p>\n\n\n\n<p class=\"has-small-font-size\"><em>*Source&nbsp;: <a rel=\"noreferrer noopener\" href=\"https:\/\/ressources-naturelles.canada.ca\/efficacite-energetique\/batiments-verts\/24573\" target=\"_blank\">Ressources naturelles Canada<\/a><\/em><\/p>\n\n\n\n<h4 class=\"wp-block-heading\"><strong>R\u00e9sultats d\u2019apprentissage<\/strong><\/h4>\n\n\n\n<ul class=\"wp-block-list\">\n<li><strong>Concepts de base<\/strong>\n<ul class=\"wp-block-list\">\n<li>Environnement, soci\u00e9t\u00e9, gouvernance (ESG)<\/li>\n\n\n\n<li>Processus de conception int\u00e9gr\u00e9<\/li>\n\n\n\n<li>Analyse du cycle de vie<\/li>\n\n\n\n<li>Gestion et mod\u00e9lisation de l\u2019\u00e9nergie et des \u00e9missions dans les b\u00e2timents<\/li>\n\n\n\n<li>Planification de la transition<\/li>\n<\/ul>\n<\/li>\n<\/ul>\n\n\n\n<ul class=\"wp-block-list\">\n<li><strong>Concepts sp\u00e9cialis\u00e9s<\/strong>\n<ul class=\"wp-block-list\">\n<li>Introduction \u00e0 la construction \u00e0 sobri\u00e9t\u00e9 carbone<\/li>\n\n\n\n<li>R\u00e9duire l\u2019empreinte carbone dans le secteur de la construction<\/li>\n\n\n\n<li>Avantages de la construction \u00e0 sobri\u00e9t\u00e9 carbone<\/li>\n<\/ul>\n<\/li>\n<\/ul>\n\n\n\n<p><strong>\u00c0 l\u2019issue de ce programme de formation, les participants ont re\u00e7u\u00a0:<\/strong><\/p>\n\n\n\n<ul class=\"wp-block-list\">\n<li>Un certificat d\u2019ach\u00e8vement du programme de formation<\/li>\n\n\n\n<li>Deux cr\u00e9dits Sceau d\u2019or <em>(valables uniquement pour les professionnels de la gestion de la construction qui demandent la certification Sceau d\u2019or<\/em>.<em> Voir le <\/em><a href=\"https:\/\/www.cca-acc.com\/fr\/excellence-de-la-main-doeuvre\/sceau-dor\/candidats\/comment-presenter-une-demande\/\" target=\"_blank\" rel=\"noreferrer noopener\"><em>site Web du Sceau d\u2019or<\/em><\/a><em> pour plus d\u2019information sur les modalit\u00e9s d\u2019inscription)<\/em><\/li>\n<\/ul>\n\n\n\n<p><\/p>\n\n\n\n<p>Le programme de Formation sur la r\u00e9duction des \u00e9missions de carbone est financ\u00e9 en partie par le gouvernement du Canada par le biais du Programme de solutions pour la main-d\u2019\u0153uvre sectorielle, et dirig\u00e9e par le Conseil du b\u00e2timent durable du Canada\u202f(CBDCA).<\/p>\n\n\n\n<figure class=\"wp-block-image size-large is-resized\"><img loading=\"lazy\" decoding=\"async\" width=\"1024\" height=\"291\" src=\"https:\/\/www.cca-acc.com\/wp-content\/uploads\/2023\/09\/Wordmark_Bl_Rd_RGB-1024x291.jpg\" alt=\"\" class=\"wp-image-43344\" style=\"width:175px;height:undefinedpx\" srcset=\"https:\/\/www.cca-acc.com\/wp-content\/uploads\/2023\/09\/Wordmark_Bl_Rd_RGB-1024x291.jpg 1024w, https:\/\/www.cca-acc.com\/wp-content\/uploads\/2023\/09\/Wordmark_Bl_Rd_RGB-600x170.jpg 600w, https:\/\/www.cca-acc.com\/wp-content\/uploads\/2023\/09\/Wordmark_Bl_Rd_RGB-300x85.jpg 300w, https:\/\/www.cca-acc.com\/wp-content\/uploads\/2023\/09\/Wordmark_Bl_Rd_RGB-768x218.jpg 768w, https:\/\/www.cca-acc.com\/wp-content\/uploads\/2023\/09\/Wordmark_Bl_Rd_RGB-1536x436.jpg 1536w, https:\/\/www.cca-acc.com\/wp-content\/uploads\/2023\/09\/Wordmark_Bl_Rd_RGB-1200x341.jpg 1200w, https:\/\/www.cca-acc.com\/wp-content\/uploads\/2023\/09\/Wordmark_Bl_Rd_RGB.jpg 1690w\" sizes=\"auto, (max-width: 1024px) 100vw, 1024px\" \/><\/figure>\n","protected":false},"excerpt":{"rendered":"<p>Pour prot\u00e9ger notre environnement et r\u00e9duire les effets du changement climatique, le gouvernement du Canada s\u2019est engag\u00e9 \u00e0 r\u00e9duire les \u00e9missions totales de GES du Canada de 40 \u00e0 45&nbsp;% par rapport aux niveaux de 2005 d\u2019ici 2030, et \u00e0 atteindre le niveau z\u00e9ro d\u2019ici 2050.* Le secteur du b\u00e2timent \u00e9tant la troisi\u00e8me source d\u2019\u00e9missions [&hellip;]<\/p>\n","protected":false},"author":36,"featured_media":0,"parent":0,"menu_order":0,"comment_status":"closed","ping_status":"closed","template":"","meta":{"_acf_changed":false,"footnotes":""},"class_list":["post-43446","page","type-page","status-publish","hentry"],"acf":[],"_links":{"self":[{"href":"https:\/\/www.cca-acc.com\/fr\/wp-json\/wp\/v2\/pages\/43446","targetHints":{"allow":["GET"]}}],"collection":[{"href":"https:\/\/www.cca-acc.com\/fr\/wp-json\/wp\/v2\/pages"}],"about":[{"href":"https:\/\/www.cca-acc.com\/fr\/wp-json\/wp\/v2\/types\/page"}],"author":[{"embeddable":true,"href":"https:\/\/www.cca-acc.com\/fr\/wp-json\/wp\/v2\/users\/36"}],"replies":[{"embeddable":true,"href":"https:\/\/www.cca-acc.com\/fr\/wp-json\/wp\/v2\/comments?post=43446"}],"version-history":[{"count":25,"href":"https:\/\/www.cca-acc.com\/fr\/wp-json\/wp\/v2\/pages\/43446\/revisions"}],"predecessor-version":[{"id":51384,"href":"https:\/\/www.cca-acc.com\/fr\/wp-json\/wp\/v2\/pages\/43446\/revisions\/51384"}],"wp:attachment":[{"href":"https:\/\/www.cca-acc.com\/fr\/wp-json\/wp\/v2\/media?parent=43446"}],"curies":[{"name":"wp","href":"https:\/\/api.w.org\/{rel}","templated":true}]}}